{"id":1698,"date":"2022-12-20T09:20:00","date_gmt":"2022-12-20T09:20:00","guid":{"rendered":"https:\/\/pleven.eu\/?page_id=1698"},"modified":"2022-12-20T09:28:21","modified_gmt":"2022-12-20T09:28:21","slug":"thank-you-app","status":"publish","type":"page","link":"https:\/\/pleven.eu\/ro\/thank-you-app\/","title":{"rendered":"thank-you-app"},"content":{"rendered":"<div data-elementor-type=\"wp-page\" data-elementor-id=\"1698\" class=\"elementor elementor-1698\">\n\t\t\t\t\t\t\t\t\t<section class=\"elementor-section elementor-top-section elementor-element elementor-element-531d63a elementor-section-height-min-height elementor-section-items-stretch elementor-section-full_width elementor-hidden-desktop elementor-section-height-default\" data-id=\"531d63a\" data-element_type=\"section\" data-settings=\"{&quot;background_background&quot;:&quot;classic&quot;}\">\n\t\t\t\t\t\t<div class=\"elementor-container elementor-column-gap-default\">\n\t\t\t\t\t<div class=\"elementor-column elementor-col-100 elementor-top-column elementor-element elementor-element-aa00084\" data-id=\"aa00084\" data-element_type=\"column\" data-settings=\"{&quot;background_background&quot;:&quot;classic&quot;}\" data-e-bg-lazyload=\".elementor-element-populated\">\n\t\t\t<div class=\"elementor-widget-wrap elementor-element-populated\">\n\t\t\t\t\t<div class=\"elementor-background-overlay\"><\/div>\n\t\t\t\t\t\t\t\t<div class=\"elementor-element elementor-element-490f3b6 elementor-widget elementor-widget-heading\" data-id=\"490f3b6\" data-element_type=\"widget\" data-widget_type=\"heading.default\">\n\t\t\t\t<div class=\"elementor-widget-container\">\n\t\t\t<style>\/*! elementor - v3.13.3 - 28-05-2023 *\/\n.elementor-heading-title{padding:0;margin:0;line-height:1}.elementor-widget-heading .elementor-heading-title[class*=elementor-size-]>a{color:inherit;font-size:inherit;line-height:inherit}.elementor-widget-heading .elementor-heading-title.elementor-size-small{font-size:15px}.elementor-widget-heading .elementor-heading-title.elementor-size-medium{font-size:19px}.elementor-widget-heading .elementor-heading-title.elementor-size-large{font-size:29px}.elementor-widget-heading .elementor-heading-title.elementor-size-xl{font-size:39px}.elementor-widget-heading .elementor-heading-title.elementor-size-xxl{font-size:59px}<\/style><div class=\"elementor-heading-title elementor-size-default\">V\u0103 mul\u021bumim c\u0103 a\u021bi desc\u0103rcat aplica\u021bia Memory Route!<\/div>\t\t<\/div>\n\t\t\t\t<\/div>\n\t\t\t\t<div class=\"elementor-element elementor-element-29cf779 elementor-widget elementor-widget-heading\" data-id=\"29cf779\" data-element_type=\"widget\" data-widget_type=\"heading.default\">\n\t\t\t\t<div class=\"elementor-widget-container\">\n\t\t\t<div class=\"elementor-heading-title elementor-size-default\">Odat\u0103 ce desc\u0103rcarea este finalizat\u0103, pute\u021bi g\u0103si aplica\u021bia pe ecranul de pornire. Prin aplica\u021bie pute\u021bi utiliza \u00eentreaga func\u021bionalitate a platformei Memory Route.<\/div>\t\t<\/div>\n\t\t\t\t<\/div>\n\t\t\t\t<div class=\"elementor-element elementor-element-2be7ec9 elementor-widget elementor-widget-spacer\" data-id=\"2be7ec9\" data-element_type=\"widget\" data-widget_type=\"spacer.default\">\n\t\t\t\t<div class=\"elementor-widget-container\">\n\t\t\t<style>\/*! elementor - v3.13.3 - 28-05-2023 *\/\n.elementor-column .elementor-spacer-inner{height:var(--spacer-size)}.e-con{--container-widget-width:100%}.e-con-inner>.elementor-widget-spacer,.e-con>.elementor-widget-spacer{width:var(--container-widget-width,var(--spacer-size));--align-self:var(--container-widget-align-self,initial);--flex-shrink:0}.e-con-inner>.elementor-widget-spacer>.elementor-widget-container,.e-con-inner>.elementor-widget-spacer>.elementor-widget-container>.elementor-spacer,.e-con>.elementor-widget-spacer>.elementor-widget-container,.e-con>.elementor-widget-spacer>.elementor-widget-container>.elementor-spacer{height:100%}.e-con-inner>.elementor-widget-spacer>.elementor-widget-container>.elementor-spacer>.elementor-spacer-inner,.e-con>.elementor-widget-spacer>.elementor-widget-container>.elementor-spacer>.elementor-spacer-inner{height:var(--container-widget-height,var(--spacer-size))}<\/style>\t\t<div class=\"elementor-spacer\">\n\t\t\t<div class=\"elementor-spacer-inner\"><\/div>\n\t\t<\/div>\n\t\t\t\t<\/div>\n\t\t\t\t<\/div>\n\t\t\t\t\t<\/div>\n\t\t<\/div>\n\t\t\t\t\t\t\t<\/div>\n\t\t<\/section>\n\t\t\t\t\t\t\t<\/div>","protected":false},"excerpt":{"rendered":"<p>\u0411\u043b\u0430\u0433\u043e\u0434\u0430\u0440\u0438\u043c \u0412\u0438, \u0447\u0435 \u0441\u0432\u0430\u043b\u0438\u0445\u0442\u0435 \u043f\u0440\u0438\u043b\u043e\u0436\u0435\u043d\u0438\u0435\u0442\u043e Memory Route! \u0421\u043b\u0435\u0434 \u043a\u0430\u0442\u043e \u0441\u0432\u0430\u043b\u044f\u043d\u0435\u0442\u043e \u043f\u0440\u0438\u043a\u043b\u044e\u0447\u0438, \u043c\u043e\u0436\u0435\u0442\u0435 \u0434\u0430 \u043d\u0430\u043c\u0435\u0440\u0438\u0442\u0435 \u043f\u0440\u0438\u043b\u043e\u0436\u0435\u043d\u0438\u0435\u0442\u043e \u043d\u0430 \u0412\u0430\u0448\u0438\u044f Home Screen. \u0427\u0440\u0435\u0437 \u043f\u0440\u0438\u043b\u043e\u0436\u0435\u043d\u0438\u0435\u0442\u043e \u043c\u043e\u0436\u0435\u0442\u0435 \u0434\u0430 \u0438\u0437\u043f\u043e\u043b\u0437\u0432\u0430\u0442\u0435 \u043f\u044a\u043b\u043d\u0430\u0442\u0430 \u0444\u0443\u043a\u043d\u0446\u0438\u043e\u043d\u0430\u043b\u043d\u043e\u0441\u0442 \u043d\u0430 \u043f\u043b\u0430\u0442\u0444\u043e\u0440\u043c\u0430\u0442\u0430 Memory Route.<\/p>","protected":false},"author":1,"featured_media":0,"parent":0,"menu_order":0,"comment_status":"closed","ping_status":"closed","template":"","meta":{"footnotes":""},"categories":[],"tags":[],"class_list":["post-1698","page","type-page","status-publish","hentry"],"_links":{"self":[{"href":"https:\/\/pleven.eu\/ro\/wp-json\/wp\/v2\/pages\/1698","targetHints":{"allow":["GET"]}}],"collection":[{"href":"https:\/\/pleven.eu\/ro\/wp-json\/wp\/v2\/pages"}],"about":[{"href":"https:\/\/pleven.eu\/ro\/wp-json\/wp\/v2\/types\/page"}],"author":[{"embeddable":true,"href":"https:\/\/pleven.eu\/ro\/wp-json\/wp\/v2\/users\/1"}],"replies":[{"embeddable":true,"href":"https:\/\/pleven.eu\/ro\/wp-json\/wp\/v2\/comments?post=1698"}],"version-history":[{"count":18,"href":"https:\/\/pleven.eu\/ro\/wp-json\/wp\/v2\/pages\/1698\/revisions"}],"predecessor-version":[{"id":1725,"href":"https:\/\/pleven.eu\/ro\/wp-json\/wp\/v2\/pages\/1698\/revisions\/1725"}],"wp:attachment":[{"href":"https:\/\/pleven.eu\/ro\/wp-json\/wp\/v2\/media?parent=1698"}],"wp:term":[{"taxonomy":"category","embeddable":true,"href":"https:\/\/pleven.eu\/ro\/wp-json\/wp\/v2\/categories?post=1698"},{"taxonomy":"post_tag","embeddable":true,"href":"https:\/\/pleven.eu\/ro\/wp-json\/wp\/v2\/tags?post=1698"}],"curies":[{"name":"wp","href":"https:\/\/api.w.org\/{rel}","templated":true}]}}