{"id":452,"date":"2022-05-08T08:46:23","date_gmt":"2022-05-08T08:46:23","guid":{"rendered":"https:\/\/pleven.eu\/?page_id=452"},"modified":"2022-09-07T07:52:19","modified_gmt":"2022-09-07T07:52:19","slug":"goals","status":"publish","type":"page","link":"https:\/\/pleven.eu\/ro\/goals\/","title":{"rendered":"Obiective"},"content":{"rendered":"<div data-elementor-type=\"wp-page\" data-elementor-id=\"452\" class=\"elementor elementor-452\">\n\t\t\t\t\t\t\t\t\t<section class=\"elementor-section elementor-top-section elementor-element elementor-element-7597750a elementor-section-boxed elementor-section-height-default elementor-section-height-default\" data-id=\"7597750a\" data-element_type=\"section\">\n\t\t\t\t\t\t<div class=\"elementor-container elementor-column-gap-default\">\n\t\t\t\t\t<div class=\"elementor-column elementor-col-50 elementor-top-column elementor-element elementor-element-2672d69\" data-id=\"2672d69\" data-element_type=\"column\">\n\t\t\t<div class=\"elementor-widget-wrap elementor-element-populated\">\n\t\t\t\t\t\t\t\t<div class=\"elementor-element elementor-element-66f600db elementor-widget elementor-widget-heading\" data-id=\"66f600db\" data-element_type=\"widget\" data-widget_type=\"heading.default\">\n\t\t\t\t<div class=\"elementor-widget-container\">\n\t\t\t<style>\/*! elementor - v3.13.3 - 28-05-2023 *\/\n.elementor-heading-title{padding:0;margin:0;line-height:1}.elementor-widget-heading .elementor-heading-title[class*=elementor-size-]>a{color:inherit;font-size:inherit;line-height:inherit}.elementor-widget-heading .elementor-heading-title.elementor-size-small{font-size:15px}.elementor-widget-heading .elementor-heading-title.elementor-size-medium{font-size:19px}.elementor-widget-heading .elementor-heading-title.elementor-size-large{font-size:29px}.elementor-widget-heading .elementor-heading-title.elementor-size-xl{font-size:39px}.elementor-widget-heading .elementor-heading-title.elementor-size-xxl{font-size:59px}<\/style><h2 class=\"elementor-heading-title elementor-size-default\">Obiective<\/h2>\t\t<\/div>\n\t\t\t\t<\/div>\n\t\t\t\t\t<\/div>\n\t\t<\/div>\n\t\t\t\t<div class=\"elementor-column elementor-col-50 elementor-top-column elementor-element elementor-element-32ef7e83\" data-id=\"32ef7e83\" data-element_type=\"column\">\n\t\t\t<div class=\"elementor-widget-wrap elementor-element-populated\">\n\t\t\t\t\t\t\t\t<div class=\"elementor-element elementor-element-2ab2c0c8 elementor-widget elementor-widget-text-editor\" data-id=\"2ab2c0c8\" data-element_type=\"widget\" data-widget_type=\"text-editor.default\">\n\t\t\t\t<div class=\"elementor-widget-container\">\n\t\t\t<style>\/*! elementor - v3.13.3 - 28-05-2023 *\/\n.elementor-widget-text-editor.elementor-drop-cap-view-stacked .elementor-drop-cap{background-color:#69727d;color:#fff}.elementor-widget-text-editor.elementor-drop-cap-view-framed .elementor-drop-cap{color:#69727d;border:3px solid;background-color:transparent}.elementor-widget-text-editor:not(.elementor-drop-cap-view-default) .elementor-drop-cap{margin-top:8px}.elementor-widget-text-editor:not(.elementor-drop-cap-view-default) .elementor-drop-cap-letter{width:1em;height:1em}.elementor-widget-text-editor .elementor-drop-cap{float:left;text-align:center;line-height:1;font-size:50px}.elementor-widget-text-editor .elementor-drop-cap-letter{display:inline-block}<\/style>\t\t\t\t<p><strong>Proiect \u201eDrumul memoriei\u201d: produse turistice transfrontaliere durabile pentru Parcul Memorial Grivitsa \u0219i Cetatea Turnu<\/strong> este finan\u021bat \u00een cadrul Axei Prioritare 2 \u201eRegiunea Verde\u201d, Obiectivul specific 2.1 \u201e\u00cembun\u0103t\u0103\u021birea utiliz\u0103rii durabile a patrimoniului natural \u0219i a resurselor \u0219i a patrimoniului cultural\u201d \u00een cadrul celei de-a treia cereri de proiecte \u00een cadrul Programului de Cooperare Transfrontalier\u0103 \u201eINTERREG V - A Rom\u00e2nia - Bulgaria 2014-2020\u201d.<\/p><p>Parteneri:<\/p><ul><li>Partenerul principal \u00een proiect este Municipalitatea Pleven<\/li><li>Municipiul Turnu Magurele, judetul Teleorman este partener din partea romana.<\/li><\/ul><p>Bugetul total al proiectului \u2013 1.483.905,79 euro, din care:<\/p><ul><li>Municipiul Pleven \u2013 999.089,39 euro<\/li><li>Municipiul Turnu Magurele \u2013 484.816, 40 euro<\/li><\/ul><p>Durata proiectului: 61 luni 26 zile (05.09.2018 - 31.10.2023)<\/p>\t\t\t\t\t\t<\/div>\n\t\t\t\t<\/div>\n\t\t\t\t\t<\/div>\n\t\t<\/div>\n\t\t\t\t\t\t\t<\/div>\n\t\t<\/section>\n\t\t\t\t<section class=\"elementor-section elementor-top-section elementor-element elementor-element-502af7a0 elementor-section-full_width elementor-reverse-tablet elementor-reverse-mobile elementor-section-height-default elementor-section-height-default\" data-id=\"502af7a0\" data-element_type=\"section\">\n\t\t\t\t\t\t<div class=\"elementor-container elementor-column-gap-default\">\n\t\t\t\t\t<div class=\"elementor-column elementor-col-33 elementor-top-column elementor-element elementor-element-720f4757\" data-id=\"720f4757\" data-element_type=\"column\">\n\t\t\t<div class=\"elementor-widget-wrap elementor-element-populated\">\n\t\t\t\t\t\t\t\t<div class=\"elementor-element elementor-element-1d5066b2 elementor-widget elementor-widget-image\" data-id=\"1d5066b2\" data-element_type=\"widget\" data-widget_type=\"image.default\">\n\t\t\t\t<div class=\"elementor-widget-container\">\n\t\t\t<style>\/*! elementor - v3.13.3 - 28-05-2023 *\/\n.elementor-widget-image{text-align:center}.elementor-widget-image a{display:inline-block}.elementor-widget-image a img[src$=\".svg\"]{width:48px}.elementor-widget-image img{vertical-align:middle;display:inline-block}<\/style>\t\t\t\t\t\t\t\t\t\t\t\t<img loading=\"lazy\" decoding=\"async\" width=\"800\" height=\"600\" src=\"https:\/\/pleven.eu\/wp-content\/uploads\/2022\/04\/\u041f\u0430\u043d\u043e\u0440\u0430\u043c\u0430-\u041f\u043b\u0435\u0432\u0435\u043d.jpg\" class=\"elementor-animation-float attachment-large size-large wp-image-79\" alt=\"\" srcset=\"https:\/\/pleven.eu\/wp-content\/uploads\/2022\/04\/\u041f\u0430\u043d\u043e\u0440\u0430\u043c\u0430-\u041f\u043b\u0435\u0432\u0435\u043d.jpg 1000w, https:\/\/pleven.eu\/wp-content\/uploads\/2022\/04\/\u041f\u0430\u043d\u043e\u0440\u0430\u043c\u0430-\u041f\u043b\u0435\u0432\u0435\u043d-300x225.jpg 300w, https:\/\/pleven.eu\/wp-content\/uploads\/2022\/04\/\u041f\u0430\u043d\u043e\u0440\u0430\u043c\u0430-\u041f\u043b\u0435\u0432\u0435\u043d-768x576.jpg 768w\" sizes=\"auto, (max-width: 800px) 100vw, 800px\" \/>\t\t\t\t\t\t\t\t\t\t\t\t\t\t\t<\/div>\n\t\t\t\t<\/div>\n\t\t\t\t<div class=\"elementor-element elementor-element-01f9ec6 elementor-widget elementor-widget-image\" data-id=\"01f9ec6\" data-element_type=\"widget\" data-widget_type=\"image.default\">\n\t\t\t\t<div class=\"elementor-widget-container\">\n\t\t\t\t\t\t\t\t\t\t\t\t\t\t\t<img loading=\"lazy\" decoding=\"async\" width=\"300\" height=\"207\" src=\"https:\/\/pleven.eu\/wp-content\/uploads\/2022\/04\/113-300x207.jpg\" class=\"elementor-animation-float attachment-medium size-medium wp-image-84\" alt=\"\" srcset=\"https:\/\/pleven.eu\/wp-content\/uploads\/2022\/04\/113-300x207.jpg 300w, https:\/\/pleven.eu\/wp-content\/uploads\/2022\/04\/113.jpg 617w\" sizes=\"auto, (max-width: 300px) 100vw, 300px\" \/>\t\t\t\t\t\t\t\t\t\t\t\t\t\t\t<\/div>\n\t\t\t\t<\/div>\n\t\t\t\t\t<\/div>\n\t\t<\/div>\n\t\t\t\t<div class=\"elementor-column elementor-col-33 elementor-top-column elementor-element elementor-element-1fa43c1\" data-id=\"1fa43c1\" data-element_type=\"column\">\n\t\t\t<div class=\"elementor-widget-wrap elementor-element-populated\">\n\t\t\t\t\t\t\t\t<div class=\"elementor-element elementor-element-cc434d2 elementor-widget elementor-widget-image\" data-id=\"cc434d2\" data-element_type=\"widget\" data-widget_type=\"image.default\">\n\t\t\t\t<div class=\"elementor-widget-container\">\n\t\t\t\t\t\t\t\t\t\t\t\t\t\t\t<img loading=\"lazy\" decoding=\"async\" width=\"300\" height=\"282\" src=\"https:\/\/pleven.eu\/wp-content\/uploads\/2022\/04\/TurnuMagurele-Romania_Church-300x282.jpg\" class=\"elementor-animation-float attachment-medium size-medium wp-image-80\" alt=\"\" srcset=\"https:\/\/pleven.eu\/wp-content\/uploads\/2022\/04\/TurnuMagurele-Romania_Church-300x282.jpg 300w, https:\/\/pleven.eu\/wp-content\/uploads\/2022\/04\/TurnuMagurele-Romania_Church-1024x961.jpg 1024w, https:\/\/pleven.eu\/wp-content\/uploads\/2022\/04\/TurnuMagurele-Romania_Church-768x721.jpg 768w, https:\/\/pleven.eu\/wp-content\/uploads\/2022\/04\/TurnuMagurele-Romania_Church.jpg 1422w\" sizes=\"auto, (max-width: 300px) 100vw, 300px\" \/>\t\t\t\t\t\t\t\t\t\t\t\t\t\t\t<\/div>\n\t\t\t\t<\/div>\n\t\t\t\t<div class=\"elementor-element elementor-element-7c63a35 elementor-widget elementor-widget-image\" data-id=\"7c63a35\" data-element_type=\"widget\" data-widget_type=\"image.default\">\n\t\t\t\t<div class=\"elementor-widget-container\">\n\t\t\t\t\t\t\t\t\t\t\t\t\t\t\t<img loading=\"lazy\" decoding=\"async\" width=\"300\" height=\"222\" src=\"https:\/\/pleven.eu\/wp-content\/uploads\/2022\/04\/540px-Tr_tb-1-300x222.jpg\" class=\"elementor-animation-float attachment-medium size-medium wp-image-87\" alt=\"\" srcset=\"https:\/\/pleven.eu\/wp-content\/uploads\/2022\/04\/540px-Tr_tb-1-300x222.jpg 300w, https:\/\/pleven.eu\/wp-content\/uploads\/2022\/04\/540px-Tr_tb-1.jpg 540w\" sizes=\"auto, (max-width: 300px) 100vw, 300px\" \/>\t\t\t\t\t\t\t\t\t\t\t\t\t\t\t<\/div>\n\t\t\t\t<\/div>\n\t\t\t\t\t<\/div>\n\t\t<\/div>\n\t\t\t\t<div class=\"elementor-column elementor-col-33 elementor-top-column elementor-element elementor-element-34ed7fc6\" data-id=\"34ed7fc6\" data-element_type=\"column\">\n\t\t\t<div class=\"elementor-widget-wrap elementor-element-populated\">\n\t\t\t\t\t\t\t\t<div class=\"elementor-element elementor-element-769e86ac elementor-widget elementor-widget-heading\" data-id=\"769e86ac\" data-element_type=\"widget\" data-widget_type=\"heading.default\">\n\t\t\t\t<div class=\"elementor-widget-container\">\n\t\t\t<h3 class=\"elementor-heading-title elementor-size-default\">Scopul principal al proiectului este de a \u00eembun\u0103t\u0103\u021bi utilizarea durabil\u0103 a patrimoniului istoric \u0219i cultural din Pleven \u0219i Turnu M\u0103gurele. <\/h3>\t\t<\/div>\n\t\t\t\t<\/div>\n\t\t\t\t\t<\/div>\n\t\t<\/div>\n\t\t\t\t\t\t\t<\/div>\n\t\t<\/section>\n\t\t\t\t<section class=\"elementor-section elementor-top-section elementor-element elementor-element-d946eb9 elementor-section-boxed elementor-section-height-default elementor-section-height-default\" data-id=\"d946eb9\" data-element_type=\"section\">\n\t\t\t\t\t\t<div class=\"elementor-container elementor-column-gap-default\">\n\t\t\t\t\t<div class=\"elementor-column elementor-col-100 elementor-top-column elementor-element elementor-element-a42c1fa\" data-id=\"a42c1fa\" data-element_type=\"column\">\n\t\t\t<div class=\"elementor-widget-wrap elementor-element-populated\">\n\t\t\t\t\t\t\t\t<div class=\"elementor-element elementor-element-b5f1c91 elementor-widget elementor-widget-text-editor\" data-id=\"b5f1c91\" data-element_type=\"widget\" data-widget_type=\"text-editor.default\">\n\t\t\t\t<div class=\"elementor-widget-container\">\n\t\t\t\t\t\t\t<p>Parcul Memorial Grivitsa \u0219i Cetatea Turnu, situri identificate \u0219i cartografiate ale patrimoniului cultural-istoric militar, vor fi restaurate \u0219i \u00eembun\u0103t\u0103\u021bite prin investi\u021bii durabile \u00een infrastructura turistic\u0103. Va fi creat\u0103 o platform\u0103 de turism trilingv\u0103 \u0219i o aplica\u021bie pentru smartphone. Vor fi dezvoltate 5 produse turistice integrate \u0219i 4 servicii, pentru a c\u0103ror pozi\u021bionare pe pia\u021b\u0103 se va elabora o strategie de marketing. Vor fi organizate: un festival transfrontalier \u201eDrumul Memoriei\u201d, \u00een cadrul c\u0103ruia va avea loc o reconstituire istoric\u0103 a B\u0103t\u0103liei de la Grivica; t\u00e2rg de istorie militar\u0103 \u201eCalea memoriei militare\u201d \u0219i expozi\u021bia permanent\u0103 \u201eIstoria militar\u0103 \u00een imagini \u2013 Reduta Grivi\u021ba \u0219i Cetatea Turnu\u201d. Va fi \u00eenfiin\u021bat un club de reconstituire, antrenat pentru a recrea evenimente istorice \u0219i dotat cu arme autentice, uniforme etc.<\/p><p>Proiectul mai are \u00een vedere marketing inovator \u0219i eficient, activit\u0103\u021bi de sensibilizare \u0219i promovare a regiunii ca destina\u021bie turistic\u0103 atractiv\u0103 pentru iubitorii de turism cultural-istoric \u0219i alternativ, cu scopul de a crea produse turistice noi \u0219i atractive \u0219i de a cre\u0219te num\u0103rul de turi\u0219ti care viziteaz\u0103 \u0219i cazarea peste noapte \u00een regiune.<\/p><p>\u00cen vederea contur\u0103rii unei viziuni pe termen mediu \u0219i lung \u0219i a unui plan de conservare \u0219i promovare a patrimoniului cultural-istoric din zona transfrontalier\u0103 Pleven-Turnu M\u0103gurele \u0219i a produselor \u0219i serviciilor turistice integrate create \u00een cadrul proiectului , a fost preg\u0103tit pe <a href=\"https:\/\/pleven.eu\/ro\/marketing-strategy\/\"><u>strategie de marketing<\/u><\/a> cu participarea activ\u0103 a p\u0103r\u021bilor interesate din sectorul turismului din municipiile partenere.<\/p><p>Complexul construit din Parcul Grivitsa va avea dot\u0103rile necesare organiz\u0103rii de evenimente de team building cu tematic\u0103 militar\u0103. Va exista posibilitatea de a organiza bootcamp-uri de fitness (bootcamps) - un complex de programe de antrenament fizic conduse de antrenori speciali si\/sau fosti militari; turnee de paintball, precum \u0219i reconstituiri la cerere ale evenimentelor militare istorice \u00een scopuri educa\u021bionale sau de divertisment.<\/p><p>Abordarea comun\u0103 \u00een loc de cea local\u0103\/na\u021bional\u0103 maximizeaz\u0103 efectele pozitive ale conserv\u0103rii \u0219i utiliz\u0103rii durabile a patrimoniului cultural din Pleven - Turnu M\u0103gurele \u0219i aduce beneficii grupurilor \u021bint\u0103 \u0219i zonei programului prin:<\/p><p>- \u00eembun\u0103t\u0103\u021birea poten\u021bialului de turism alternativ\/tematic al zonei;<\/p><p>\u2013 dezvoltarea de produse \u0219i servicii unice \u0219i durabile, la fel de atractive at\u00e2t pentru turi\u0219ti, c\u00e2t \u0219i pentru locuitorii locali;<\/p><p>\u2013 o mai buna gestionare a fluxurilor turistice de la Pleven prin Nikopol la Turnu Magurele si retur;<\/p><p>\u2013 Cre\u0219terea interesului fa\u021b\u0103 de zon\u0103 din partea poten\u021bialilor vizitatori (turi\u0219ti) \u0219i a operatorilor de turism;<\/p><p>\u2013 \u00cembun\u0103t\u0103\u021birea calit\u0103\u021bii vie\u021bii locuitorilor locali;<\/p><p>\u2013 Cre\u0219terea con\u0219tientiz\u0103rii de sine istorice \u0219i a stimei de sine a reziden\u021bilor locali, precum \u0219i a vizitatorilor.<\/p>\t\t\t\t\t\t<\/div>\n\t\t\t\t<\/div>\n\t\t\t\t\t<\/div>\n\t\t<\/div>\n\t\t\t\t\t\t\t<\/div>\n\t\t<\/section>\n\t\t\t\t\t\t\t<\/div>","protected":false},"excerpt":{"rendered":"<p>Obiective Proiectul \u201eRuta memoriei: produse turistice transfrontaliere durabile pentru parcul memorial Grivitsa \u0219i cetatea Turnu\u201d este finan\u021bat \u00een cadrul Axei prioritare 2 \u201eRegiunea verde\u201d, Obiectivul specific 2.1 \u201e\u00cembun\u0103t\u0103\u021birea utiliz\u0103rii durabile a patrimoniului natural \u0219i a resurselor \u0219i a patrimoniului cultural\u201d \u00een cadrul celei de-a treia cereri de proiecte \u00een cadrul Programului de cooperare transfrontalier\u0103 \u201eINTERREG [\u2026]<\/p>","protected":false},"author":1,"featured_media":0,"parent":0,"menu_order":0,"comment_status":"closed","ping_status":"closed","template":"","meta":{"footnotes":""},"categories":[],"tags":[],"class_list":["post-452","page","type-page","status-publish","hentry"],"_links":{"self":[{"href":"https:\/\/pleven.eu\/ro\/wp-json\/wp\/v2\/pages\/452","targetHints":{"allow":["GET"]}}],"collection":[{"href":"https:\/\/pleven.eu\/ro\/wp-json\/wp\/v2\/pages"}],"about":[{"href":"https:\/\/pleven.eu\/ro\/wp-json\/wp\/v2\/types\/page"}],"author":[{"embeddable":true,"href":"https:\/\/pleven.eu\/ro\/wp-json\/wp\/v2\/users\/1"}],"replies":[{"embeddable":true,"href":"https:\/\/pleven.eu\/ro\/wp-json\/wp\/v2\/comments?post=452"}],"version-history":[{"count":40,"href":"https:\/\/pleven.eu\/ro\/wp-json\/wp\/v2\/pages\/452\/revisions"}],"predecessor-version":[{"id":1410,"href":"https:\/\/pleven.eu\/ro\/wp-json\/wp\/v2\/pages\/452\/revisions\/1410"}],"wp:attachment":[{"href":"https:\/\/pleven.eu\/ro\/wp-json\/wp\/v2\/media?parent=452"}],"wp:term":[{"taxonomy":"category","embeddable":true,"href":"https:\/\/pleven.eu\/ro\/wp-json\/wp\/v2\/categories?post=452"},{"taxonomy":"post_tag","embeddable":true,"href":"https:\/\/pleven.eu\/ro\/wp-json\/wp\/v2\/tags?post=452"}],"curies":[{"name":"wp","href":"https:\/\/api.w.org\/{rel}","templated":true}]}}